{"id":1159,"date":"2020-08-27T20:38:07","date_gmt":"2020-08-27T20:38:07","guid":{"rendered":"http:\/\/strideradventures.eu\/?page_id=1159"},"modified":"2024-02-14T13:39:44","modified_gmt":"2024-02-14T13:39:44","slug":"kontakt","status":"publish","type":"page","link":"http:\/\/strideradventures.eu\/index.php\/kontakt\/","title":{"rendered":"Kontakt"},"content":{"rendered":"\n<p>Je\u015bli potrzebujecie porady, b\u0105d\u017a chcecie o co\u015b zapyta\u0107, ch\u0119tnie odpowiem, je\u015bli chcecie podzieli\u0107 si\u0119 wra\u017ceniami lub opini\u0105 na tematy takie jak wyprawy, ocena strony, piszcie \u015bmia\u0142o, m\u00f3j mail: <a href=\"mailto:adrian@strideradventures.eu\">adrian@strideradventures.eu<\/a>. Postaram si\u0119 regularnie aktualizowa\u0107 ten dzia\u0142, jak i ca\u0142\u0105 stron\u0119. <a href=\"https:\/\/www.facebook.com\/adrian.buu.86?__tn__=%3C\">Znajdziecie mnie r\u00f3wnie\u017c na Facebooku.<\/a> Pozdrawiam Adrian<\/p>\n\n\n\n<p>REGULAMIN STRONY: Korzystam z cc <a href=\"http:\/\/strideradventures.eu\/index.php\/cc-by-nc\/(otworzy si\u0119 w nowej zak\u0142adce)\">L<\/a><a href=\"http:\/\/strideradventures.eu\/index.php\/cc-by-nc\/\">i<\/a><a href=\"https:\/\/creativecommons.org\/licenses\/by-nc-nd\/3.0\/pl\/legalcode\">cencji Creative Co<\/a><a href=\"http:\/\/strideradventures.eu\/index.php\/cc-by-nc\/\">m<\/a><a href=\"https:\/\/creativecommons.org\/licenses\/by-nc-nd\/3.0\/pl\/legalcode\" data-type=\"URL\" data-id=\"https:\/\/creativecommons.org\/licenses\/by-nc-nd\/3.0\/pl\/legalcode\">mons (CC BY-NC-ND)<\/a> Pewne prawa zastrze\u017cone prosz\u0119 si\u0119 zapozna\u0107, r\u00f3wnie\u017c staram si\u0119 przestrzega\u0107 i wam te\u017c zalecam regulaminu zgodnego z <a href=\"http:\/\/strideradventures.eu\/index.php\/rodo\/\">RODO<\/a>.<\/p>\n\n\n\n<div class=\"wp-block-media-text is-stacked-on-mobile\" style=\"grid-template-columns:26% auto\"><figure class=\"wp-block-media-text__media\"><img loading=\"lazy\" decoding=\"async\" width=\"720\" height=\"1024\" src=\"http:\/\/strideradventures.eu\/wp-content\/uploads\/2024\/02\/ABC-dziennikarstwa-720x1024.jpg\" alt=\"\" class=\"wp-image-3831 size-full\" srcset=\"http:\/\/strideradventures.eu\/wp-content\/uploads\/2024\/02\/ABC-dziennikarstwa-720x1024.jpg 720w, http:\/\/strideradventures.eu\/wp-content\/uploads\/2024\/02\/ABC-dziennikarstwa-211x300.jpg 211w, http:\/\/strideradventures.eu\/wp-content\/uploads\/2024\/02\/ABC-dziennikarstwa-768x1092.jpg 768w, http:\/\/strideradventures.eu\/wp-content\/uploads\/2024\/02\/ABC-dziennikarstwa-1080x1536.jpg 1080w, http:\/\/strideradventures.eu\/wp-content\/uploads\/2024\/02\/ABC-dziennikarstwa-1440x2048.jpg 1440w, http:\/\/strideradventures.eu\/wp-content\/uploads\/2024\/02\/ABC-dziennikarstwa-300x427.jpg 300w, http:\/\/strideradventures.eu\/wp-content\/uploads\/2024\/02\/ABC-dziennikarstwa-850x1209.jpg 850w, http:\/\/strideradventures.eu\/wp-content\/uploads\/2024\/02\/ABC-dziennikarstwa-scaled.jpg 1800w\" sizes=\"(max-width: 720px) 100vw, 720px\" \/><\/figure><div class=\"wp-block-media-text__content\">\n<p>Posiadam certyfikat uko\u0144czenia kursu podstaw dziennikarskich,dzi\u0119ki kt\u00f3rym mog\u0119 poprawi\u0107 jako\u015b\u0107 tekst\u00f3w z uwzgl\u0119dnieniem poprawno\u015bci i nie sze\u017cenia &#8222;mowy nienawi\u015bci&#8221;, poprzez nie\u015bwiadome publikacje.<\/p>\n<\/div><\/div>\n\n\n\n<div class=\"wp-block-media-text is-stacked-on-mobile\" style=\"grid-template-columns:26% auto\"><figure class=\"wp-block-media-text__media\"><img loading=\"lazy\" decoding=\"async\" width=\"716\" height=\"1024\" src=\"http:\/\/strideradventures.eu\/wp-content\/uploads\/2024\/02\/Fotografia-i-podstawy-obrobki-zdjec-716x1024.jpg\" alt=\"\" class=\"wp-image-3832 size-full\" srcset=\"http:\/\/strideradventures.eu\/wp-content\/uploads\/2024\/02\/Fotografia-i-podstawy-obrobki-zdjec-716x1024.jpg 716w, http:\/\/strideradventures.eu\/wp-content\/uploads\/2024\/02\/Fotografia-i-podstawy-obrobki-zdjec-210x300.jpg 210w, http:\/\/strideradventures.eu\/wp-content\/uploads\/2024\/02\/Fotografia-i-podstawy-obrobki-zdjec-768x1099.jpg 768w, http:\/\/strideradventures.eu\/wp-content\/uploads\/2024\/02\/Fotografia-i-podstawy-obrobki-zdjec-1074x1536.jpg 1074w, http:\/\/strideradventures.eu\/wp-content\/uploads\/2024\/02\/Fotografia-i-podstawy-obrobki-zdjec-1431x2048.jpg 1431w, http:\/\/strideradventures.eu\/wp-content\/uploads\/2024\/02\/Fotografia-i-podstawy-obrobki-zdjec-300x429.jpg 300w, http:\/\/strideradventures.eu\/wp-content\/uploads\/2024\/02\/Fotografia-i-podstawy-obrobki-zdjec-850x1216.jpg 850w, http:\/\/strideradventures.eu\/wp-content\/uploads\/2024\/02\/Fotografia-i-podstawy-obrobki-zdjec-scaled.jpg 1789w\" sizes=\"(max-width: 716px) 100vw, 716px\" \/><\/figure><div class=\"wp-block-media-text__content\">\n<p>Dzi\u0119ki certyfikatowi zwi\u0105zanemu z fotografi\u0105 i jej obr\u00f3bkom, mam zamiar poprawi\u0107 jako\u015b\u0107 robionych zdj\u0119\u0107 i dostarcza\u0107 Wam ich jeszcze lepszych.<\/p>\n<\/div><\/div>\n","protected":false},"excerpt":{"rendered":"<p>Je\u015bli potrzebujecie porady, b\u0105d\u017a chcecie o co\u015b zapyta\u0107, ch\u0119tnie odpowiem, je\u015bli chcecie podzieli\u0107 si\u0119 wra\u017ceniami lub opini\u0105 na tematy takie jak wyprawy, ocena strony, piszcie \u015bmia\u0142o, m\u00f3j mail: adrian@strideradventures.eu. Postaram si\u0119 regularnie aktualizowa\u0107 ten dzia\u0142, jak i ca\u0142\u0105 stron\u0119. Znajdziecie mnie r\u00f3wnie\u017c na Facebooku. Pozdrawiam Adrian REGULAMIN STRONY: Korzystam z cc Licencji Creative Commons (CC&#8230;<\/p>\n","protected":false},"author":1,"featured_media":0,"parent":0,"menu_order":0,"comment_status":"open","ping_status":"closed","template":"","meta":{"footnotes":""},"_links":{"self":[{"href":"http:\/\/strideradventures.eu\/index.php\/wp-json\/wp\/v2\/pages\/1159"}],"collection":[{"href":"http:\/\/strideradventures.eu\/index.php\/wp-json\/wp\/v2\/pages"}],"about":[{"href":"http:\/\/strideradventures.eu\/index.php\/wp-json\/wp\/v2\/types\/page"}],"author":[{"embeddable":true,"href":"http:\/\/strideradventures.eu\/index.php\/wp-json\/wp\/v2\/users\/1"}],"replies":[{"embeddable":true,"href":"http:\/\/strideradventures.eu\/index.php\/wp-json\/wp\/v2\/comments?post=1159"}],"version-history":[{"count":12,"href":"http:\/\/strideradventures.eu\/index.php\/wp-json\/wp\/v2\/pages\/1159\/revisions"}],"predecessor-version":[{"id":3823,"href":"http:\/\/strideradventures.eu\/index.php\/wp-json\/wp\/v2\/pages\/1159\/revisions\/3823"}],"wp:attachment":[{"href":"http:\/\/strideradventures.eu\/index.php\/wp-json\/wp\/v2\/media?parent=1159"}],"curies":[{"name":"wp","href":"https:\/\/api.w.org\/{rel}","templated":true}]}}