{"id":1162,"date":"2020-08-27T20:38:13","date_gmt":"2020-08-27T20:38:13","guid":{"rendered":"http:\/\/strideradventures.eu\/?page_id=1162"},"modified":"2020-08-27T20:38:13","modified_gmt":"2020-08-27T20:38:13","slug":"rodo","status":"publish","type":"page","link":"http:\/\/strideradventures.eu\/index.php\/rodo\/","title":{"rendered":"RODO"},"content":{"rendered":"\n<ol><li>Prywatno\u015b\u0107 odwiedzaj\u0105cych moj\u0105 stron\u0119 internetow\u0105 jest dla mnie bardzo wa\u017cna i dok\u0142adam wszelkich stara\u0144, aby j\u0105 chroni\u0107. Niniejsza polityka wyja\u015bnia, co robimy z Twoimi danymi osobowymi.<\/li><li>Zgoda na korzystanie z plik\u00f3w cookie zgodnie z warunkami niniejszej polityki podczas pierwszej wizyty na naszej stronie pozwala nam na korzystanie z plik\u00f3w cookie przy ka\u017cdej kolejnej wizycie na naszej stronie.<br>B. \u0179r\u00f3d\u0142o<br>Ten dokument zosta\u0142 utworzony przy u\u017cyciu szablonu firmy SEQ Legal (seqlegal.com)<br>i zmodyfikowany dla cel\u00f3w Podr\u00f3\u017cy obie\u017cy\u015bwiata Adriana (www.strideradventures.eu)<br>C. Zbieranie danych osobowych<br>Nast\u0119puj\u0105ce rodzaje danych osobowych mog\u0105 by\u0107 gromadzone, przechowywane i wykorzystywane:<\/li><li>informacje o komputerze, w tym adres IP, lokalizacja geograficzna, typ i wersja przegl\u0105darki oraz system operacyjny;<\/li><li>informacje o Twoich wizytach i korzystaniu z tej witryny, w tym \u017ar\u00f3d\u0142o odes\u0142a\u0144, d\u0142ugo\u015b\u0107 wizyty, wy\u015bwietlenia stron i \u015bcie\u017cki nawigacji w witrynie;<\/li><li>informacje, takie jak adres e-mail, kt\u00f3re podajesz podczas rejestracji w naszej witrynie internetowej;<\/li><li>informacje wprowadzane podczas tworzenia profilu w naszej witrynie \u2014 na przyk\u0142ad imi\u0119 i nazwisko, zdj\u0119cia profilowe, p\u0142e\u0107, data urodzin, status zwi\u0105zku, zainteresowania i hobby, dane edukacyjne i dane dotycz\u0105ce zatrudnienia;<\/li><li>informacje, takie jak imi\u0119 i nazwisko oraz adres e-mail, kt\u00f3re podajesz w celu skonfigurowania subskrypcji naszych e-maili lub biuletyn\u00f3w;<\/li><li>informacje wprowadzane podczas korzystania z us\u0142ug na naszej stronie internetowej;<\/li><li>informacje, kt\u00f3re s\u0105 generowane podczas korzystania z naszej strony internetowej, w tym kiedy, jak cz\u0119sto i w jakich okoliczno\u015bciach z niej korzystasz;<\/li><li>informacje dotycz\u0105ce wszystkiego, co kupujesz, us\u0142ug, z kt\u00f3rych korzystasz lub transakcji dokonywanych za po\u015brednictwem naszej strony internetowej, w tym imi\u0119 i nazwisko, adres, numer telefonu, adres e-mail i dane karty kredytowej;<\/li><li>informacje publikowane na naszej stronie internetowej z zamiarem opublikowania ich w Internecie, w tym nazwa u\u017cytkownika, zdj\u0119cia profilowe i tre\u015b\u0107 umieszczanych post\u00f3w;<\/li><li>informacje zawarte we wszelkiej korespondencji przesy\u0142anej do nas e-mailem lub za po\u015brednictwem naszej strony internetowej, w tym tre\u015bci komunikacyjne i metadane;<\/li><li>wszelkie inne dane osobowe, kt\u00f3re nam przesy\u0142asz.<br>Zanim ujawnisz nam dane osobowe innej osoby, musisz uzyska\u0107 zgod\u0119 tej osoby na ujawnienie i przetwarzanie tych danych osobowych zgodnie z niniejszymi zasadami<br>D. Korzystanie z Twoich danych osobowych<br>Dane osobowe przes\u0142ane do nas za po\u015brednictwem naszej strony internetowej b\u0119d\u0105 wykorzystywane do cel\u00f3w okre\u015blonych w niniejszej polityce lub na odpowiednich stronach witryny. Mo\u017cemy wykorzystywa\u0107 Twoje dane osobowe do celu:<\/li><li>administrowania nasz\u0105 stron\u0105 internetow\u0105 i biznesem;<\/li><li>personalizowania naszej strony internetowej dla Ciebie;<\/li><li>umo\u017cliwienia korzystania z us\u0142ug dost\u0119pnych na naszej stronie internetowej;<\/li><li>wysy\u0142ania towar\u00f3w zakupionych za po\u015brednictwem naszej strony internetowej;<\/li><li>\u015bwiadczenia us\u0142ug zakupionych za po\u015brednictwem naszej strony internetowej;<\/li><li>wysy\u0142ania do ciebie wyci\u0105g\u00f3w, faktur i przypomnie\u0144 o p\u0142atno\u015bciach oraz odbioru p\u0142atno\u015bci od Ciebie;<\/li><li>przesy\u0142ania niemarketingowej komunikacji handlowej;<\/li><li>wysy\u0142ania powiadomie\u0144 e-mail, o kt\u00f3re prosi\u0142e\u015b;<\/li><li>wysy\u0142ania naszego newslettera e-mail, je\u015bli o to poprosi\u0142e\u015b (mo\u017cesz nas w ka\u017cdej chwili poinformowa\u0107, je\u015bli nie chcesz ju\u017c otrzymywa\u0107 newslettera);<\/li><li>przesy\u0142ania informacji marketingowych dotycz\u0105cych naszej dzia\u0142alno\u015bci lub aktywno\u015bci starannie wybranych stron trzecich, kt\u00f3re naszym zdaniem mog\u0105 Ci\u0119 zainteresowa\u0107, poczt\u0105 lub, je\u015bli wyrazi\u0142e\u015b na to zgod\u0119, poczt\u0105 elektroniczn\u0105 lub podobn\u0105 technologi\u0105 (mo\u017cesz nas o tym poinformowa\u0107 w dowolnym momencie, je\u015bli nie chcesz ju\u017c otrzymywa\u0107 komunikat\u00f3w marketingowych);<\/li><li>dostarczania stronom trzecim informacji statystycznych o naszych u\u017cytkownikach (ale te osoby trzecie nie b\u0119d\u0105 w stanie zidentyfikowa\u0107 \u017cadnego konkretnego u\u017cytkownika na podstawie tych informacji);<\/li><li>zajmowania si\u0119 zapytaniami i skargami sk\u0142adanymi przez Ciebie lub dotycz\u0105cymi Ciebie w zwi\u0105zku z nasz\u0105 witryn\u0105;<\/li><li>zapewnienia bezpiecze\u0144stwa naszej strony internetowej i zapobieganie oszustwom;<\/li><li>weryfikacji zgodno\u015bci z warunkami korzystania z naszej strony internetowej (w tym monitorowanie prywatnych wiadomo\u015bci wysy\u0142anych za po\u015brednictwem naszej prywatnej us\u0142ugi przesy\u0142ania wiadomo\u015bci); i<\/li><li>innych zastosowa\u0144.<br>Je\u015bli prze\u015blesz dane osobowe do publikacji w naszej witrynie, opublikujemy je i wykorzystamy w inny spos\u00f3b zgodnie z udzielon\u0105 nam licencj\u0105.<br>Twoje ustawienia prywatno\u015bci mog\u0105 by\u0107 wykorzystane do ograniczenia publikacji Twoich informacji na naszej stronie internetowej i mog\u0105 by\u0107 dostosowane za pomoc\u0105 kontroli prywatno\u015bci na stronie.<br>Nie b\u0119dziemy bez Twojej wyra\u017anej zgody przekazywa\u0107 danych osobowych stronom trzecim, lub jakimkolwiek innym zwi\u0105zanym z nimi stronom trzecim, w celach marketingu bezpo\u015bredniego.<br>E. Ujawnianie danych osobowych<br>Mo\u017cemy ujawnia\u0107 dane osobowe u\u017cytkownika wszelkim naszym pracownikom, cz\u0142onkom kadry kierowniczej, przedstawicielom, dostawcom lub podwykonawcom, o ile jest to niezb\u0119dne do cel\u00f3w okre\u015blonych w niniejszych \u201eZasadach ochrony prywatno\u015bci\u201d.<br>Mo\u017cemy ujawnia\u0107 dane osobowe wszelkim cz\u0142onkom naszej grupy sp\u00f3\u0142ek (tzn. sp\u00f3\u0142kom zale\u017cnym, g\u0142\u00f3wnej sp\u00f3\u0142ce holdingowej i jej sp\u00f3\u0142kom zale\u017cnym), o ile jest to niezb\u0119dne do cel\u00f3w okre\u015blonych w niniejszych \u201eZasadach ochrony prywatno\u015bci\u201d.<br>Mo\u017cemy ujawnia\u0107 Twoje dane osobowe:<\/li><li>w zakresie, w jakim jest to wymagane przepisami prawa;<\/li><li>w zwi\u0105zku z trwaj\u0105cymi lub potencjalnymi post\u0119powaniami prawnymi;<\/li><li>w celu ustanowienia, wyegzekwowania lub obrony naszych praw (wliczaj\u0105c w to udost\u0119pnienie informacji innym podmiotom w celu przeciwdzia\u0142ania oszustwom);<\/li><li>nabywcy (lub potencjalnemu nabywcy) jakiejkolwiek dzia\u0142alno\u015bci lub aktyw\u00f3w, kt\u00f3re sprzedajemy (lub rozwa\u017camy); i<\/li><li>wszelkim osobom, kt\u00f3re wedle naszej zasadnej opinii mog\u0105 wyst\u0105pi\u0107 do s\u0105du lub innego w\u0142a\u015bciwego organu o ujawnienie takich danych osobowych, je\u015bli wedle zasadnej rozs\u0105dnej opinii, istnieje du\u017ce prawdopodobie\u0144stwo, \u017ce taki s\u0105d lub organ naka\u017ce ujawnienie takich danych osobowych<br>Z wyj\u0105tkiem postanowie\u0144 zawartych w niniejszych \u201eZasadach ochrony prywatno\u015bci\u201d nie b\u0119dziemy udost\u0119pnia\u0107 osobom trzecim informacji dotycz\u0105cych u\u017cytkownika.<br>F. Mi\u0119dzynarodowe transfery danych<\/li><li>Informacje, kt\u00f3re gromadzimy mog\u0105 by\u0107 przechowywane i przetwarzane w ka\u017cdym z kraj\u00f3w, w kt\u00f3rym prowadzimy dzia\u0142alno\u015b\u0107 i mog\u0105 by\u0107 przesy\u0142ane pomi\u0119dzy tymi krajami w celu umo\u017cliwienia wykorzystania informacji zgodnie z niniejszymi \u201eZasadami ochrony prywatno\u015bci\u201d.<\/li><li>Informacje, kt\u00f3re zbieramy, mog\u0105 by\u0107 przekazywane do nast\u0119puj\u0105cych kraj\u00f3w, kt\u00f3re nie maj\u0105 przepis\u00f3w o ochronie danych r\u00f3wnowa\u017cnych z obowi\u0105zuj\u0105cymi w Europejskim Obszarze Gospodarczym: Stan\u00f3w Zjednoczonych Ameryki, Rosji, Japonii, Chin i Indii.<\/li><li>Dane osobowe, kt\u00f3re publikujesz na naszej stronie internetowej lub przesy\u0142asz do publikacji na naszej stronie internetowej, mog\u0105 by\u0107 dost\u0119pne za po\u015brednictwem Internetu na ca\u0142ym \u015bwiecie. Nie mo\u017cemy zapobiec wykorzystywaniu lub niew\u0142a\u015bciwemu wykorzystaniu takich informacji przez inne osoby.<\/li><li>Wyra\u017anie zgadzasz si\u0119 na przekazywanie danych osobowych opisanych w tej sekcji F.<br>G. Zachowywanie danych osobowych<\/li><li>W Niniejszej Sekcji G okre\u015blili\u015bmy nasze zasady i procedury dotycz\u0105ce zatrzymywania danych, kt\u00f3re maj\u0105 na celu zapewnienie przestrzegania naszych zobowi\u0105za\u0144 prawnych w zakresie zachowywania i usuwania danych osobowych.<\/li><li>Dane osobowe, kt\u00f3re przetwarzamy w dowolnym celu lub celach, nie b\u0119d\u0105 przechowywane d\u0142u\u017cej ni\u017c jest to konieczne do tego celu lub tych cel\u00f3w.<\/li><li>Bez uszczerbku dla artyku\u0142u G-2 zazwyczaj usuwamy dane osobowe nale\u017c\u0105ce do kategorii okre\u015blonych poni\u017cej w dniu\/godzinie okre\u015blonej poni\u017cej:<\/li><li>typ danych osobowych zostanie usuni\u0119ty {WPROWAD\u0179 DAT\u0118\/GODZIN\u0118}; i<\/li><li>{WPROWAD\u0179 DODATKOWE DATY\/GODZINY}.<\/li><li>Niezale\u017cnie od innych postanowie\u0144 niniejszej sekcji G zachowamy dokumenty (w tym dokumenty elektroniczne) zawieraj\u0105ce dane osobowe:<\/li><li>w zakresie, w jakim jest to wymagane przepisami prawa;<\/li><li>je\u015bli uwa\u017camy, \u017ce dokumenty mog\u0105 mie\u0107 znaczenie dla wszelkich tocz\u0105cych si\u0119 lub przysz\u0142ych post\u0119powa\u0144 s\u0105dowych; i<\/li><li>w celu ustanowienia, wyegzekwowania lub obrony naszych praw (wliczaj\u0105c w to udost\u0119pnienie informacji innym podmiotom w celu przeciwdzia\u0142ania oszustwom).<br>H. Bezpiecze\u0144stwo danych osobowych<\/li><li>Podejmiemy zasadne techniczne i organizacyjne \u015brodki ostro\u017cno\u015bci w celu przeciwdzia\u0142ania utracie, nadu\u017cyciu lub zmianie danych osobowych u\u017cytkownika.<\/li><li>B\u0119dziemy przechowywa\u0107 wszystkie dane osobowe, kt\u00f3re podasz na naszych bezpiecznych serwerach (chronionych has\u0142em i zapor\u0105).<\/li><li>Wszystkie elektroniczne transakcje finansowe zawierane za po\u015brednictwem naszej strony internetowej b\u0119d\u0105 chronione technologi\u0105 szyfrowania.<\/li><li>U\u017cytkownik przyjmuje do wiadomo\u015bci, \u017ce transmisja informacji przez Internet jest potencjalnie niebezpieczna i bezpiecze\u0144stwo przes\u0142anych w ten spos\u00f3b danych nie jest gwarantowane.<\/li><li>Jeste\u015b odpowiedzialny za zachowanie poufno\u015bci has\u0142a u\u017cywanego do uzyskania dost\u0119pu do naszej strony internetowej; nie poprosimy Ci\u0119 o podanie has\u0142a (z wyj\u0105tkiem sytuacji, gdy logujesz si\u0119 na naszej stronie internetowej).<br>I. Nowelizacje<br>Niniejsze zasady mog\u0105 by\u0107 okresowo aktualizowane poprzez zamieszczenie w naszej witrynie ich nowej wersji. Nale\u017cy od czasu do czasu sprawdza\u0107 t\u0119 stron\u0119, aby upewni\u0107 si\u0119, \u017ce rozumiesz wszelkie zmiany w tych zasadach. Mo\u017cemy powiadomi\u0107 Ci\u0119 o zmianach w niniejszej polityce za po\u015brednictwem poczty elektronicznej lub prywatnego systemu przesy\u0142ania wiadomo\u015bci na naszej stronie internetowej.<br>J. Twoje prawa<br>U\u017cytkownik mo\u017ce za\u017c\u0105da\u0107 udost\u0119pnienia jego danych osobowych, kt\u00f3re s\u0105 przechowywane. Udost\u0119pnienie takich danych wi\u0105\u017ce si\u0119 z:<\/li><li>uiszczeniem op\u0142aty {WPROWAD\u0179 OP\u0141AT\u0118, JE\u015aLI DOTYCZY}; i<\/li><li>dostarczenie odpowiedniego dowodu to\u017csamo\u015bci ({DOSTOSUJ TEKST, ABY ODZWIERCIEDLA\u0141 TWOJ\u0104 POLITYK\u0118 tym celu, zazwyczaj akceptujemy kserokopi\u0119 paszportu po\u015bwiadczon\u0105 przez notariusza oraz oryginaln\u0105 kopi\u0119 rachunku za media z aktualnym adresem}).<br>Mo\u017cemy na Twoje \u017c\u0105danie ukrywa\u0107 dane osobowe, w zakresie dozwolonym przez prawo.<br>Mo\u017cesz w dowolnym momencie poinstruowa\u0107 nas, aby nie przetwarza\u0107 danych osobowych w celach marketingowych.<br>W praktyce zazwyczaj albo z g\u00f3ry wyra\u017anie wyra\u017casz zgod\u0119 na wykorzystanie przez nas Twoich danych osobowych w celach marketingowych, albo zapewnimy Ci mo\u017cliwo\u015b\u0107 rezygnacji z udost\u0119pniania Twoich danych osobowych w celach marketingowych.<br>K. Strony Internetowe os\u00f3b trzecich<br>Nasza strona internetowa zawiera hiper\u0142\u0105cza do stron internetowych os\u00f3b trzecich oraz szczeg\u00f3\u0142owe informacje na ich temat. Nie mamy kontroli i nie ponosimy odpowiedzialno\u015bci za polityk\u0119 prywatno\u015bci i praktyki os\u00f3b trzecich.<br>L. Aktualizacja informacji<br>Prosimy o informacj\u0119 w przypadku konieczno\u015bci skorygowania lub aktualizowania danych osobowych, w kt\u00f3rych posiadaniu jeste\u015bmy.<\/li><\/ol>\n","protected":false},"excerpt":{"rendered":"<p>Prywatno\u015b\u0107 odwiedzaj\u0105cych moj\u0105 stron\u0119 internetow\u0105 jest dla mnie bardzo wa\u017cna i dok\u0142adam wszelkich stara\u0144, aby j\u0105 chroni\u0107. Niniejsza polityka wyja\u015bnia, co robimy z Twoimi danymi osobowymi. Zgoda na korzystanie z plik\u00f3w cookie zgodnie z warunkami niniejszej polityki podczas pierwszej wizyty na naszej stronie pozwala nam na korzystanie z plik\u00f3w cookie przy ka\u017cdej kolejnej wizycie na&#8230;<\/p>\n","protected":false},"author":1,"featured_media":0,"parent":0,"menu_order":0,"comment_status":"closed","ping_status":"closed","template":"","meta":{"footnotes":""},"_links":{"self":[{"href":"http:\/\/strideradventures.eu\/index.php\/wp-json\/wp\/v2\/pages\/1162"}],"collection":[{"href":"http:\/\/strideradventures.eu\/index.php\/wp-json\/wp\/v2\/pages"}],"about":[{"href":"http:\/\/strideradventures.eu\/index.php\/wp-json\/wp\/v2\/types\/page"}],"author":[{"embeddable":true,"href":"http:\/\/strideradventures.eu\/index.php\/wp-json\/wp\/v2\/users\/1"}],"replies":[{"embeddable":true,"href":"http:\/\/strideradventures.eu\/index.php\/wp-json\/wp\/v2\/comments?post=1162"}],"version-history":[{"count":1,"href":"http:\/\/strideradventures.eu\/index.php\/wp-json\/wp\/v2\/pages\/1162\/revisions"}],"predecessor-version":[{"id":1164,"href":"http:\/\/strideradventures.eu\/index.php\/wp-json\/wp\/v2\/pages\/1162\/revisions\/1164"}],"wp:attachment":[{"href":"http:\/\/strideradventures.eu\/index.php\/wp-json\/wp\/v2\/media?parent=1162"}],"curies":[{"name":"wp","href":"https:\/\/api.w.org\/{rel}","templated":true}]}}