{"id":18,"date":"2020-08-26T20:27:31","date_gmt":"2020-08-26T20:27:31","guid":{"rendered":"http:\/\/strideradventures.eu\/?page_id=18"},"modified":"2024-08-24T09:14:41","modified_gmt":"2024-08-24T09:14:41","slug":"natura","status":"publish","type":"page","link":"http:\/\/strideradventures.eu\/index.php\/natura\/","title":{"rendered":"Natura"},"content":{"rendered":"<div class=\"wp-block-image\">\n<figure class=\"aligncenter size-large is-resized\"><img loading=\"lazy\" decoding=\"async\" width=\"300\" height=\"192\" src=\"http:\/\/strideradventures.eu\/wp-content\/uploads\/2020\/08\/ico_pol.gif\" alt=\"Flaga Polski\" class=\"wp-image-23\" style=\"width:225px;height:144px\"\/><figcaption class=\"wp-element-caption\"><mark style=\"background-color:rgba(0, 0, 0, 0)\" class=\"has-inline-color has-black-color\">POLSKA<\/mark><\/figcaption><\/figure><\/div>\n\n\n<p><a href=\"http:\/\/strideradventures.eu\/index.php\/beskid-zywiecki\/\">Beskid \u017bywiecki<\/a><\/p>\n\n\n<div class=\"wp-block-image\">\n<figure class=\"aligncenter size-large is-resized\"><img loading=\"lazy\" decoding=\"async\" width=\"300\" height=\"192\" src=\"http:\/\/strideradventures.eu\/wp-content\/uploads\/2020\/08\/ico_bel.gif\" alt=\"\" class=\"wp-image-19\" style=\"width:225px;height:144px\"\/><figcaption class=\"wp-element-caption\"><mark style=\"background-color:rgba(0, 0, 0, 0)\" class=\"has-inline-color has-black-color\">BELGIA<\/mark><\/figcaption><\/figure><\/div>\n\n\n<p class=\"has-text-align-left has-normal-font-size\"><a href=\"http:\/\/strideradventures.eu\/index.php\/ardeny-signal-de-botange\/\">Ardeny-Signal de Botange<\/a><\/p>\n\n\n\n<p><a href=\"http:\/\/strideradventures.eu\/index.php\/ardeny-stoumont-i-okolice\/\">Ardeny-Stoumont i okolice<\/a><\/p>\n\n\n\n<p><a href=\"http:\/\/strideradventures.eu\/index.php\/la-roche-ardenen-2\/\">Ardeny-La Roche Ardenen<\/a><\/p>\n\n\n\n<p><a href=\"http:\/\/strideradventures.eu\/index.php\/hoge-kempen\/\">Limburgia- Park Narodowy Hoge Kempen<\/a><\/p>\n\n\n\n<p class=\"has-text-align-left has-normal-font-size\"><a href=\"http:\/\/strideradventures.eu\/index.php\/het-zwinn\/\">Het Zwin<\/a><\/p>\n\n\n<div class=\"wp-block-image\">\n<figure class=\"aligncenter size-large is-resized\"><img loading=\"lazy\" decoding=\"async\" width=\"300\" height=\"192\" src=\"http:\/\/strideradventures.eu\/wp-content\/uploads\/2020\/08\/ico_swiss.gif\" alt=\"\" class=\"wp-image-24\" style=\"width:225px;height:144px\"\/><figcaption class=\"wp-element-caption\"><mark style=\"background-color:rgba(0, 0, 0, 0)\" class=\"has-inline-color has-black-color\">SZWAJCARIA<\/mark><\/figcaption><\/figure><\/div>\n\n\n<p class=\"has-normal-font-size\"><a href=\"http:\/\/strideradventures.eu\/index.php\/poludnie-szwajcarii-kantony-ticino-i-uri\/\">Poludnie Szwajcarii kantony Ticino i Uri<\/a><\/p>\n\n\n\n<p class=\"has-text-align-left has-normal-font-size\"><a href=\"http:\/\/strideradventures.eu\/index.php\/poludnie-szwajcarii-kanton-ticino\/\">Po\u0142udnie Szwajcarii kanton Ticino<\/a><\/p>\n\n\n<div class=\"wp-block-image\">\n<figure class=\"aligncenter size-large is-resized\"><img loading=\"lazy\" decoding=\"async\" width=\"300\" height=\"192\" src=\"http:\/\/strideradventures.eu\/wp-content\/uploads\/2020\/08\/ico_czk.gif\" alt=\"\" class=\"wp-image-20\" style=\"width:225px;height:144px\"\/><figcaption class=\"wp-element-caption\"><mark style=\"background-color:rgba(0, 0, 0, 0)\" class=\"has-inline-color has-black-color\">CZECHY<\/mark><\/figcaption><\/figure><\/div>\n\n\n<p class=\"has-normal-font-size\"><a href=\"http:\/\/strideradventures.eu\/index.php\/karkonosze-po-czeskiejkraj-hardecki-i-polskiejdolny-slask-stronie-granicy\/\">Karkonosze po Czeskiej(Kraj Hardecki) i Polskiej(Dolny \u015al\u0105sk) stronie granicy.<\/a><\/p>\n\n\n<div class=\"wp-block-image\">\n<figure class=\"aligncenter size-large is-resized\"><img loading=\"lazy\" decoding=\"async\" width=\"300\" height=\"192\" src=\"http:\/\/strideradventures.eu\/wp-content\/uploads\/2020\/08\/ico_nidedr.gif\" alt=\"\" class=\"wp-image-22\" style=\"width:225px;height:144px\"\/><figcaption class=\"wp-element-caption\"><mark style=\"background-color:rgba(0, 0, 0, 0)\" class=\"has-inline-color has-black-color\">NIDERLANDY<\/mark><\/figcaption><\/figure><\/div>\n\n\n<p><a href=\"http:\/\/strideradventures.eu\/?page_id=215\">Ardeny Drielanden<\/a><\/p>\n\n\n<div class=\"wp-block-image\">\n<figure class=\"aligncenter size-large is-resized\"><img loading=\"lazy\" decoding=\"async\" width=\"300\" height=\"192\" src=\"http:\/\/strideradventures.eu\/wp-content\/uploads\/2020\/08\/ico_fra.gif\" alt=\"\" class=\"wp-image-21\" style=\"width:225px;height:144px\"\/><figcaption class=\"wp-element-caption\"><mark style=\"background-color:rgba(0, 0, 0, 0)\" class=\"has-inline-color has-black-color\">FRANCJA<\/mark><\/figcaption><\/figure><\/div>\n\n\n<p><a href=\"http:\/\/strideradventures.eu\/index.php\/park-regionalny-wogezow-polnocnych-i-park-regionalny-ballons-des-vosges\/\">Park Regionalny Wogez\u00f3w P\u00f3\u0142nocnych i Park Regionalny Ballons des Vosges.<\/a><\/p>\n\n\n\n<p><a href=\"http:\/\/strideradventures.eu\/index.php\/cap-blac-nez\/\">Cap Blanc Nez<\/a><\/p>\n\n\n\n<p><a href=\"http:\/\/strideradventures.eu\/index.php\/normandia\/\">Normandia<\/a><\/p>\n\n\n<div class=\"wp-block-image\">\n<figure class=\"aligncenter size-large is-resized\"><img loading=\"lazy\" decoding=\"async\" width=\"300\" height=\"192\" src=\"http:\/\/strideradventures.eu\/wp-content\/uploads\/2021\/08\/ico_port.gif\" alt=\"\" class=\"wp-image-3523\" style=\"width:225px;height:144px\"\/><figcaption class=\"wp-element-caption\"><mark style=\"background-color:rgba(0, 0, 0, 0)\" class=\"has-inline-color has-black-color\">PORTUGALIA<\/mark><\/figcaption><\/figure><\/div>\n\n\n<p><a href=\"http:\/\/strideradventures.eu\/index.php\/portugalia-masyw-gorski-serra-da-estrela\/\">Portugalia masyw g\u00f3rski Serra da Estrela<\/a><\/p>\n\n\n\n<p><a href=\"http:\/\/strideradventures.eu\/index.php\/portugalia--region-autonomiczny-azorow-wyspa-pico-i-terceira\/\">Portugalia- Region autonomiczny Azor\u00f3w wyspa Pico i Terceira<\/a><\/p>\n\n\n<div class=\"wp-block-image\">\n<figure class=\"aligncenter size-medium is-resized\"><img loading=\"lazy\" decoding=\"async\" width=\"300\" height=\"192\" src=\"http:\/\/strideradventures.eu\/wp-content\/uploads\/2023\/01\/Luksemburg-300x192.jpg\" alt=\"\" class=\"wp-image-3638\" style=\"width:225px;height:144px\" srcset=\"http:\/\/strideradventures.eu\/wp-content\/uploads\/2023\/01\/Luksemburg-300x192.jpg 300w, http:\/\/strideradventures.eu\/wp-content\/uploads\/2023\/01\/Luksemburg-1024x655.jpg 1024w, http:\/\/strideradventures.eu\/wp-content\/uploads\/2023\/01\/Luksemburg-768x491.jpg 768w, http:\/\/strideradventures.eu\/wp-content\/uploads\/2023\/01\/Luksemburg-850x544.jpg 850w, http:\/\/strideradventures.eu\/wp-content\/uploads\/2023\/01\/Luksemburg.jpg 1249w\" sizes=\"(max-width: 300px) 100vw, 300px\" \/><figcaption class=\"wp-element-caption\">LUKSEMBURG<\/figcaption><\/figure><\/div>\n\n\n<p><a href=\"http:\/\/strideradventures.eu\/index.php\/luksemburg-gmina-troisvierges\/\" data-type=\"URL\" data-id=\"strideradventures.eu\/index.php\/luksemburg-gmina-troisvierges\/\">Luksemburg gmina Troisvierges<\/a><\/p>\n\n\n<div class=\"wp-block-image\">\n<figure class=\"aligncenter size-full is-resized\"><img loading=\"lazy\" decoding=\"async\" width=\"300\" height=\"192\" src=\"http:\/\/strideradventures.eu\/wp-content\/uploads\/2023\/07\/Grecja.jpg\" alt=\"\" class=\"wp-image-3776\" style=\"width:222px;height:141px\"\/><figcaption class=\"wp-element-caption\">GRECJA<\/figcaption><\/figure><\/div>\n\n\n<p><a href=\"http:\/\/strideradventures.eu\/index.php\/masyw-gorski-olimp-w-grecji\/\">Pasmo g\u00f3rskie Olimp<\/a><\/p>\n\n\n<div class=\"wp-block-image\">\n<figure class=\"aligncenter size-large is-resized\"><img loading=\"lazy\" decoding=\"async\" width=\"1024\" height=\"440\" src=\"http:\/\/strideradventures.eu\/wp-content\/uploads\/2024\/08\/Anglia-1-1024x440.jpg\" alt=\"\" class=\"wp-image-3963\" style=\"width:auto;height:141px\" srcset=\"http:\/\/strideradventures.eu\/wp-content\/uploads\/2024\/08\/Anglia-1-1024x440.jpg 1024w, http:\/\/strideradventures.eu\/wp-content\/uploads\/2024\/08\/Anglia-1-300x129.jpg 300w, http:\/\/strideradventures.eu\/wp-content\/uploads\/2024\/08\/Anglia-1-768x330.jpg 768w, http:\/\/strideradventures.eu\/wp-content\/uploads\/2024\/08\/Anglia-1-1536x661.jpg 1536w, http:\/\/strideradventures.eu\/wp-content\/uploads\/2024\/08\/Anglia-1-850x366.jpg 850w, http:\/\/strideradventures.eu\/wp-content\/uploads\/2024\/08\/Anglia-1.jpg 1844w\" sizes=\"(max-width: 1024px) 100vw, 1024px\" \/><figcaption class=\"wp-element-caption\">ANGLIA<\/figcaption><\/figure><\/div>\n\n\n<p><a href=\"http:\/\/strideradventures.eu\/index.php\/kraina-jezior-scafel-pike\/\">Anglia &#8211; Scafel Pike<\/a><\/p>\n\n\n<div class=\"wp-block-image\">\n<figure class=\"aligncenter size-large is-resized\"><img loading=\"lazy\" decoding=\"async\" width=\"1024\" height=\"440\" src=\"http:\/\/strideradventures.eu\/wp-content\/uploads\/2024\/08\/Szkocja-1024x440.jpg\" alt=\"\" class=\"wp-image-3964\" style=\"width:auto;height:141px\" srcset=\"http:\/\/strideradventures.eu\/wp-content\/uploads\/2024\/08\/Szkocja-1024x440.jpg 1024w, http:\/\/strideradventures.eu\/wp-content\/uploads\/2024\/08\/Szkocja-300x129.jpg 300w, http:\/\/strideradventures.eu\/wp-content\/uploads\/2024\/08\/Szkocja-768x330.jpg 768w, http:\/\/strideradventures.eu\/wp-content\/uploads\/2024\/08\/Szkocja-1536x661.jpg 1536w, http:\/\/strideradventures.eu\/wp-content\/uploads\/2024\/08\/Szkocja-850x366.jpg 850w, http:\/\/strideradventures.eu\/wp-content\/uploads\/2024\/08\/Szkocja.jpg 1844w\" sizes=\"(max-width: 1024px) 100vw, 1024px\" \/><figcaption class=\"wp-element-caption\">SZKOCJA<\/figcaption><\/figure><\/div>\n\n\n<p><a href=\"http:\/\/strideradventures.eu\/index.php\/grampiany-ben-nevis\/\">Szkocja \u2013 Ben Nevis<\/a><\/p>\n","protected":false},"excerpt":{"rendered":"<p>Beskid \u017bywiecki Ardeny-Signal de Botange Ardeny-Stoumont i okolice Ardeny-La Roche Ardenen Limburgia- Park Narodowy Hoge Kempen Het Zwin Poludnie Szwajcarii kantony Ticino i Uri Po\u0142udnie Szwajcarii kanton Ticino Karkonosze po Czeskiej(Kraj Hardecki) i Polskiej(Dolny \u015al\u0105sk) stronie granicy. Ardeny Drielanden Park Regionalny Wogez\u00f3w P\u00f3\u0142nocnych i Park Regionalny Ballons des Vosges. Cap Blanc Nez Normandia Portugalia masyw&#8230;<\/p>\n","protected":false},"author":1,"featured_media":0,"parent":0,"menu_order":0,"comment_status":"closed","ping_status":"closed","template":"","meta":{"footnotes":""},"_links":{"self":[{"href":"http:\/\/strideradventures.eu\/index.php\/wp-json\/wp\/v2\/pages\/18"}],"collection":[{"href":"http:\/\/strideradventures.eu\/index.php\/wp-json\/wp\/v2\/pages"}],"about":[{"href":"http:\/\/strideradventures.eu\/index.php\/wp-json\/wp\/v2\/types\/page"}],"author":[{"embeddable":true,"href":"http:\/\/strideradventures.eu\/index.php\/wp-json\/wp\/v2\/users\/1"}],"replies":[{"embeddable":true,"href":"http:\/\/strideradventures.eu\/index.php\/wp-json\/wp\/v2\/comments?post=18"}],"version-history":[{"count":36,"href":"http:\/\/strideradventures.eu\/index.php\/wp-json\/wp\/v2\/pages\/18\/revisions"}],"predecessor-version":[{"id":3970,"href":"http:\/\/strideradventures.eu\/index.php\/wp-json\/wp\/v2\/pages\/18\/revisions\/3970"}],"wp:attachment":[{"href":"http:\/\/strideradventures.eu\/index.php\/wp-json\/wp\/v2\/media?parent=18"}],"curies":[{"name":"wp","href":"https:\/\/api.w.org\/{rel}","templated":true}]}}