{"id":53,"date":"2020-08-27T15:09:47","date_gmt":"2020-08-27T15:09:47","guid":{"rendered":"http:\/\/strideradventures.eu\/?page_id=53"},"modified":"2024-08-28T19:07:58","modified_gmt":"2024-08-28T19:07:58","slug":"korona-europy","status":"publish","type":"page","link":"http:\/\/strideradventures.eu\/index.php\/korona-europy\/","title":{"rendered":"Korona Europy"},"content":{"rendered":"\n<figure class=\"wp-block-gallery aligncenter has-nested-images columns-default is-cropped wp-block-gallery-1 is-layout-flex wp-block-gallery-is-layout-flex\">\n<figure class=\"wp-block-image size-large\"><img loading=\"lazy\" decoding=\"async\" width=\"1024\" height=\"643\" data-id=\"3975\" src=\"http:\/\/strideradventures.eu\/wp-content\/uploads\/2024\/08\/Korona-numeracja2-1-1024x643.jpg\" alt=\"\" class=\"wp-image-3975\" srcset=\"http:\/\/strideradventures.eu\/wp-content\/uploads\/2024\/08\/Korona-numeracja2-1-1024x643.jpg 1024w, http:\/\/strideradventures.eu\/wp-content\/uploads\/2024\/08\/Korona-numeracja2-1-300x188.jpg 300w, http:\/\/strideradventures.eu\/wp-content\/uploads\/2024\/08\/Korona-numeracja2-1-768x482.jpg 768w, http:\/\/strideradventures.eu\/wp-content\/uploads\/2024\/08\/Korona-numeracja2-1-1536x964.jpg 1536w, http:\/\/strideradventures.eu\/wp-content\/uploads\/2024\/08\/Korona-numeracja2-1-2048x1286.jpg 2048w, http:\/\/strideradventures.eu\/wp-content\/uploads\/2024\/08\/Korona-numeracja2-1-850x534.jpg 850w\" sizes=\"(max-width: 1024px) 100vw, 1024px\" \/><\/figure>\n<\/figure>\n\n\n\n<ol>\n<li>Mont Blanc 4810m (Francja)<\/li>\n\n\n\n<li>Mont Blanc de Coymayeur 4748m (W\u0142ochy)<\/li>\n\n\n\n<li>Dufourspitze 4634m (Szwajcaria)<\/li>\n\n\n\n<li>Grossglockner 3797m (Austria)<\/li>\n\n\n\n<li>Mulhacen 3479m (Hiszpania)<\/li>\n\n\n\n<li>Zugspitze 2963m (Niemcy)<\/li>\n\n\n\n<li>Coma Pedrosa 2946m (Andora)<\/li>\n\n\n\n<li>Mussala 2925m (Bu\u0142garia)<\/li>\n\n\n\n<li><a href=\"http:\/\/strideradventures.eu\/index.php\/masyw-gorski-olimp-w-grecji\/\">Mitikas 2918m (Grecja)<\/a><\/li>\n\n\n\n<li>Triglav 2894m (S\u0142owenia)<\/li>\n\n\n\n<li>Korab 2764m (Macedonia)<\/li>\n\n\n\n<li>Gjeravica 2656m (Kosowo)<\/li>\n\n\n\n<li>Gerlachovsky Stit 2654m (S\u0142owacja)<\/li>\n\n\n\n<li>Grauspitz 2599m (Lichtenstein)<\/li>\n\n\n\n<li>Moldoveanu 2544m (Rumunia)<\/li>\n\n\n\n<li>Zla Kolata 2534m (Czarnog\u00f3ra)<\/li>\n\n\n\n<li>Rysy 2499m (Polska)<\/li>\n\n\n\n<li>Galdhopiggen 2469m (Norwegia)<\/li>\n\n\n\n<li>Maglic 2386m (Bo\u015bnia i Hercegowina)<\/li>\n\n\n\n<li><a href=\"http:\/\/strideradventures.eu\/index.php\/portugalia--region-autonomiczny-azorow-wyspa-pico-i-terceira\/\">Pico 2351m (Portugalia)<\/a><\/li>\n\n\n\n<li>Midzur 2169m (Serbia)<\/li>\n\n\n\n<li>Islandia Hvannadalshnukur 2119m (Islandia)<\/li>\n\n\n\n<li>Kebenkaise Stydtopen(Wierzcho\u0142ek po\u0142udniowy) 2117m\/ Nordtopen(wierzcho\u0142ek p\u00f3\u0142nocny) 2096m (Szwecja)<\/li>\n\n\n\n<li>Hoverla 2061m (Ukraina)<\/li>\n\n\n\n<li>Narodnaja 1895m (Rosja)<\/li>\n\n\n\n<li>Dirana 1830m (Chorwacja)<\/li>\n\n\n\n<li><a href=\"http:\/\/strideradventures.eu\/index.php\/karkonosze-po-czeskiejkraj-hardecki-i-polskiejdolny-slask-stronie-granicy\/\">Sniezka 1603m (Czechy)<\/a>  <\/li>\n\n\n\n<li><a href=\"http:\/\/strideradventures.eu\/index.php\/grampiany-ben-nevis\/\">Ben Nevis 1343m (Wielka Brytania)<\/a><\/li>\n\n\n\n<li>Halti Haldi 1328m (Finlandia)<\/li>\n\n\n\n<li>Carrauntoohill 1038m (Irlandia)<\/li>\n\n\n\n<li>Mahya Dag 1031m (Turcja)<\/li>\n\n\n\n<li>Kekes 1014m (W\u0119gry)<\/li>\n\n\n\n<li>Slattaratindur 882m (Dania)<\/li>\n\n\n\n<li>Monte Titano 739m (San Marino)<\/li>\n\n\n\n<li><a href=\"http:\/\/strideradventures.eu\/index.php\/ardeny-signal-de-botange\/\">Signal de Botange 604m (Belgia)<\/a> <\/li>\n\n\n\n<li><a href=\"http:\/\/strideradventures.eu\/index.php\/luksemburg-gmina-troisvierges\/\" data-type=\"URL\" data-id=\"http:\/\/strideradventures.eu\/index.php\/luksemburg-gmina-troisvierges\/\">Kneiff 560m (Louxemburg)<\/a><\/li>\n\n\n\n<li>Ke 38 (bez nazwy JURMYSZ?)509m przy Dzhusaly (Kazachstan)<\/li>\n\n\n\n<li>Balanesti 428m (Mo\u0142dawia)<\/li>\n\n\n\n<li>Gara Dzjarzysnskaja(Dzierzynska G\u00f3ra) 345m (Bialoru\u015b)<\/li>\n\n\n\n<li><a href=\"http:\/\/strideradventures.eu\/index.php\/ardeny-drielanden\/\">Vaalserberg 321m (Niderlandy)<\/a> <\/li>\n\n\n\n<li>Suur Munamagi 318m (Estonia)<\/li>\n\n\n\n<li>Gaizinkalns 311m (\u0141otwa)<\/li>\n\n\n\n<li>Juozapines Kalnas 294m (Litwa)<\/li>\n\n\n\n<li>Ta&#8217;Dmejrek 253m (Malta)<\/li>\n\n\n\n<li>Chemin des Revoires 161m zbocze g\u00f3ry Mont Angel 1148m (Monako)<\/li>\n\n\n\n<li>Wzg\u00f3rze Watykanskie 78m (Watykan)<\/li>\n<\/ol>\n","protected":false},"excerpt":{"rendered":"","protected":false},"author":1,"featured_media":0,"parent":0,"menu_order":0,"comment_status":"open","ping_status":"closed","template":"","meta":{"footnotes":""},"_links":{"self":[{"href":"http:\/\/strideradventures.eu\/index.php\/wp-json\/wp\/v2\/pages\/53"}],"collection":[{"href":"http:\/\/strideradventures.eu\/index.php\/wp-json\/wp\/v2\/pages"}],"about":[{"href":"http:\/\/strideradventures.eu\/index.php\/wp-json\/wp\/v2\/types\/page"}],"author":[{"embeddable":true,"href":"http:\/\/strideradventures.eu\/index.php\/wp-json\/wp\/v2\/users\/1"}],"replies":[{"embeddable":true,"href":"http:\/\/strideradventures.eu\/index.php\/wp-json\/wp\/v2\/comments?post=53"}],"version-history":[{"count":19,"href":"http:\/\/strideradventures.eu\/index.php\/wp-json\/wp\/v2\/pages\/53\/revisions"}],"predecessor-version":[{"id":3976,"href":"http:\/\/strideradventures.eu\/index.php\/wp-json\/wp\/v2\/pages\/53\/revisions\/3976"}],"wp:attachment":[{"href":"http:\/\/strideradventures.eu\/index.php\/wp-json\/wp\/v2\/media?parent=53"}],"curies":[{"name":"wp","href":"https:\/\/api.w.org\/{rel}","templated":true}]}}